{"id":902,"date":"2021-05-11T15:59:40","date_gmt":"2021-05-11T13:59:40","guid":{"rendered":"https:\/\/www.vittoriagiachi.com\/about\/"},"modified":"2021-05-27T13:11:54","modified_gmt":"2021-05-27T11:11:54","slug":"about","status":"publish","type":"page","link":"https:\/\/www.vittoriagiachi.com\/it\/about\/","title":{"rendered":"About"},"content":{"rendered":"<p><div class=\"fusion-fullwidth fullwidth-box fusion-builder-row-1 fusion-flex-container nonhundred-percent-fullwidth non-hundred-percent-height-scrolling\" style=\"--awb-border-radius-top-left:0px;--awb-border-radius-top-right:0px;--awb-border-radius-bottom-right:0px;--awb-border-radius-bottom-left:0px;--awb-margin-bottom:20px;--awb-flex-wrap:wrap;\" ><div class=\"fusion-builder-row fusion-row fusion-flex-align-items-center fusion-flex-justify-content-center fusion-flex-content-wrap\" style=\"max-width:1248px;margin-left: calc(-4% \/ 2 );margin-right: calc(-4% \/ 2 );\"><div class=\"fusion-layout-column fusion_builder_column fusion-builder-column-0 fusion_builder_column_1_1 1_1 fusion-flex-column fusion-flex-align-self-center\" style=\"--awb-bg-size:cover;--awb-width-large:100%;--awb-margin-top-large:0px;--awb-spacing-right-large:1.92%;--awb-margin-bottom-large:20px;--awb-spacing-left-large:1.92%;--awb-width-medium:100%;--awb-order-medium:0;--awb-spacing-right-medium:1.92%;--awb-spacing-left-medium:1.92%;--awb-width-small:100%;--awb-order-small:0;--awb-spacing-right-small:1.92%;--awb-spacing-left-small:1.92%;\"><div class=\"fusion-column-wrapper fusion-column-has-shadow fusion-flex-justify-content-center fusion-content-layout-column\"><div class=\"fusion-title title fusion-title-1 fusion-sep-none fusion-title-center fusion-title-text fusion-title-size-two\" style=\"--awb-margin-bottom:50px;--awb-margin-top-small:10px;--awb-margin-right-small:0px;--awb-margin-bottom-small:10px;--awb-margin-left-small:0px;--awb-font-size:64px;\"><h2 class=\"fusion-title-heading title-heading-center\" style=\"font-family:&quot;Playfair Display&quot;;font-style:normal;font-weight:500;margin:0;font-size:1em;\">About<\/h2><\/div><\/div><\/div><\/div><\/div><div class=\"fusion-fullwidth fullwidth-box fusion-builder-row-2 fusion-flex-container nonhundred-percent-fullwidth non-hundred-percent-height-scrolling\" style=\"--awb-border-radius-top-left:0px;--awb-border-radius-top-right:0px;--awb-border-radius-bottom-right:0px;--awb-border-radius-bottom-left:0px;--awb-margin-top:30px;--awb-margin-bottom:60px;--awb-flex-wrap:wrap;\" ><div class=\"fusion-builder-row fusion-row fusion-flex-align-items-center fusion-flex-justify-content-center fusion-flex-content-wrap\" style=\"max-width:1248px;margin-left: calc(-4% \/ 2 );margin-right: calc(-4% \/ 2 );\"><div class=\"fusion-layout-column fusion_builder_column fusion-builder-column-1 fusion_builder_column_1_1 1_1 fusion-flex-column fusion-flex-align-self-center\" style=\"--awb-bg-size:cover;--awb-width-large:100%;--awb-margin-top-large:0px;--awb-spacing-right-large:1.92%;--awb-margin-bottom-large:20px;--awb-spacing-left-large:1.92%;--awb-width-medium:100%;--awb-order-medium:0;--awb-spacing-right-medium:1.92%;--awb-spacing-left-medium:1.92%;--awb-width-small:100%;--awb-order-small:0;--awb-spacing-right-small:1.92%;--awb-spacing-left-small:1.92%;\"><div class=\"fusion-column-wrapper fusion-column-has-shadow fusion-flex-justify-content-center fusion-content-layout-column\"><div class=\"fusion-image-element \" style=\"text-align:center;--awb-caption-title-font-family:var(--h2_typography-font-family);--awb-caption-title-font-weight:var(--h2_typography-font-weight);--awb-caption-title-font-style:var(--h2_typography-font-style);--awb-caption-title-size:var(--h2_typography-font-size);--awb-caption-title-transform:var(--h2_typography-text-transform);--awb-caption-title-line-height:var(--h2_typography-line-height);--awb-caption-title-letter-spacing:var(--h2_typography-letter-spacing);\"><span class=\" fusion-imageframe imageframe-none imageframe-1 hover-type-none\"><img decoding=\"async\" width=\"800\" height=\"1200\" alt=\"about\" title=\"about-me-vittoria-giachi\" src=\"https:\/\/www.vittoriagiachi.com\/wp-content\/uploads\/2021\/05\/about-me-vittoria-giachi.jpg\" class=\"img-responsive wp-image-920\" srcset=\"https:\/\/www.vittoriagiachi.com\/wp-content\/uploads\/2021\/05\/about-me-vittoria-giachi-200x300.jpg 200w, https:\/\/www.vittoriagiachi.com\/wp-content\/uploads\/2021\/05\/about-me-vittoria-giachi-400x600.jpg 400w, https:\/\/www.vittoriagiachi.com\/wp-content\/uploads\/2021\/05\/about-me-vittoria-giachi-600x900.jpg 600w, https:\/\/www.vittoriagiachi.com\/wp-content\/uploads\/2021\/05\/about-me-vittoria-giachi.jpg 800w\" sizes=\"(max-width: 640px) 100vw, 800px\" \/><\/span><\/div><\/div><\/div><\/div><\/div><div class=\"fusion-fullwidth fullwidth-box fusion-builder-row-3 fusion-flex-container nonhundred-percent-fullwidth non-hundred-percent-height-scrolling\" style=\"--awb-border-radius-top-left:0px;--awb-border-radius-top-right:0px;--awb-border-radius-bottom-right:0px;--awb-border-radius-bottom-left:0px;--awb-flex-wrap:wrap;\" ><div class=\"fusion-builder-row fusion-row fusion-flex-align-items-flex-start fusion-flex-content-wrap\" style=\"max-width:1248px;margin-left: calc(-4% \/ 2 );margin-right: calc(-4% \/ 2 );\"><div class=\"fusion-layout-column fusion_builder_column fusion-builder-column-2 fusion_builder_column_1_1 1_1 fusion-flex-column\" style=\"--awb-bg-size:cover;--awb-width-large:100%;--awb-margin-top-large:0px;--awb-spacing-right-large:1.92%;--awb-margin-bottom-large:20px;--awb-spacing-left-large:1.92%;--awb-width-medium:100%;--awb-order-medium:0;--awb-spacing-right-medium:1.92%;--awb-spacing-left-medium:1.92%;--awb-width-small:100%;--awb-order-small:0;--awb-spacing-right-small:1.92%;--awb-spacing-left-small:1.92%;\"><div class=\"fusion-column-wrapper fusion-column-has-shadow fusion-flex-justify-content-flex-start fusion-content-layout-column\"><div class=\"fusion-text fusion-text-1\" style=\"--awb-content-alignment:left;\"><p>Carissimi lettori e lettrici, salve.<\/p>\n<p>Mi chiamo Vittoria, Vittoria Caterina Giachi, e solo una semplice ragazza toscana che racchiude migliaia di sogni in un cassetto. Ho solamente sedici anni ma sono pronta, come fu Leopardi, a scavalcare un\u2019imponente siepe per scoprire tutto il misterioso mondo che si cela al di l\u00e0 da quella: un mondo a forma di me, un segreto intrappolato in uno scrigno di vetro. Fin da piccola ho vissuto, circondata da viti e olivi, in un medievale paesello della campagna toscana: San Gimignano.<\/p>\n<h2>La mia passione per la cucina<\/h2>\n<p>Nella mia breve porzione di vita ho avuto l\u2019opportunit\u00e0 di viaggiare in lungo e in largo, da Est ad Ovest, da Nord a Sud. Adoro esplorare paesi e citt\u00e0, assaporare culture e tradizioni straniere sempre nuove per farmi poi stravolgere dai profumi intensi di ogni civilt\u00e0. Una delle mie pi\u00f9 grandi passioni, cresciuta con me fin dall\u2019inizio dei miei giorni, \u00e8 la cucina.<\/p>\n<p>Come rispose <strong>Giulia Child<\/strong> alla domanda del perch\u00e9 le piacesse cucinare: \u201cPerch\u00e9 dopo una giornata in cui niente \u00e8 sicuro, e quando dico niente voglio dire n-i-e-n-t-e, una torna a casa e sa con certezza che aggiungendo al cioccolato rossi d\u2019uovo, zucchero e latte l\u2019impasto si addensa: \u00e8 un tale conforto!\u201d.<\/p>\n<p>Ho sempre amato cucinare, fin da piccola ammiravo mia nonna e la cura con cui stendeva la pasta per le tagliatelle. Per le feste di Natale sono spesso in viaggio e raramente capita l\u2019occasione di passare un tradizionale cenone in famiglia, ma ricordo bene quanto da piccola mi divertissi a intingere il dito in qualche vecchio tegame! Una volta cresciuta, la mia vocazione per la cucina si \u00e8 amplificata; se parliamo di dolci sono un vero e proprio cane da tartufo! Adoro mangiare, rappresenta per me un\u2019esplosione di sensi che si propaga lentamente in ogni angolo e cavit\u00e0, appagando i miei pi\u00f9 intensi desideri. Immaginate tutto ci\u00f2 vissuto insieme alle persone per voi amate: un perfetto connubio tra cibo e amore.<\/p>\n<h3>Il mio primo libro di cucina<\/h3>\n<p>Durante quest\u2019ultimo periodo di quarantena, causato dalla pandemia COVID-19, ho sentito affiorare in me una passione che mai mi aveva abbandonata: il buon cibo e le sue mille sfumature. Dunque mi sono impegnata in un progetto molto grande per me: tramandare alle generazioni future la cultura culinaria di antiche e possenti generazioni passate. Dopo aver ritrovato un antico diario di cucina datato alcune centinaia di anni fa, sepolto tra gli innumerevoli scaffali della torre in cui abito insieme alla mia famiglia, ho voluto sperimentare quelle ricette cos\u00ec passate riadattandole al mio stile di vita, rendendole pi\u00f9 contemporanee e sostituendo quegli ingredienti fin troppo pesanti utilizzati un tempo. Per questo ho dato origine al mio nuovo libro \u201c<strong><a href=\"https:\/\/www.vittoriagiachi.com\/it\/prodotto\/about-san-gimignano-il-mio-viaggio-nei-segreti-della-cucina-toscana\/\">ABOUT SAN GIMIGNANO, il<\/a> mio viaggio nei segreti della cucina toscana<\/strong>\u201d, con il quale ho iniziato il mio percorso da giovane cuoca.<\/p>\n<p>Ho aperto questo blog per andare oltre il semplice libricino di cucina e condividere con il mondo intero le radici della mia amata Italia. Spero che mi seguiate in questo mio allettante viaggio e che rimaniate altrettanto euforici, pi\u00f9 di quanto io lo sia gi\u00e0, della bellezza che ci pu\u00f2 regalare la cucina italiana.<\/p>\n<\/div><\/div><\/div><\/div><\/div><\/p>\n","protected":false},"excerpt":{"rendered":"","protected":false},"author":1,"featured_media":920,"parent":0,"menu_order":0,"comment_status":"closed","ping_status":"closed","template":"","meta":{"wprm-recipe-roundup-name":"","wprm-recipe-roundup-description":"","footnotes":""},"class_list":["post-902","page","type-page","status-publish","has-post-thumbnail","hentry"],"yoast_head":"<!-- This site is optimized with the Yoast SEO plugin v27.4 - https:\/\/yoast.com\/product\/yoast-seo-wordpress\/ -->\n<title>About me - Vittoria Caterina Giachi<\/title>\n<meta name=\"description\" content=\"Cari lettori, ciao! Mi chiamo Vittoria Caterina Giachi e sono una semplice ragazza toscana che ha mille sogni nel cassetto.\" \/>\n<meta name=\"robots\" content=\"index, follow, max-snippet:-1, max-image-preview:large, max-video-preview:-1\" \/>\n<link rel=\"canonical\" href=\"https:\/\/www.vittoriagiachi.com\/it\/about\/\" \/>\n<meta property=\"og:locale\" content=\"it_IT\" \/>\n<meta property=\"og:type\" content=\"article\" \/>\n<meta property=\"og:title\" content=\"About me - Vittoria Caterina Giachi\" \/>\n<meta property=\"og:description\" content=\"Cari lettori, ciao! Mi chiamo Vittoria Caterina Giachi e sono una semplice ragazza toscana che ha mille sogni nel cassetto.\" \/>\n<meta property=\"og:url\" content=\"https:\/\/www.vittoriagiachi.com\/it\/about\/\" \/>\n<meta property=\"og:site_name\" content=\"Vittoria Caterina Giachi\" \/>\n<meta property=\"article:modified_time\" content=\"2021-05-27T11:11:54+00:00\" \/>\n<meta property=\"og:image\" content=\"https:\/\/www.vittoriagiachi.com\/wp-content\/uploads\/2021\/05\/about-me-vittoria-giachi.jpg\" \/>\n\t<meta property=\"og:image:width\" content=\"800\" \/>\n\t<meta property=\"og:image:height\" content=\"1200\" \/>\n\t<meta property=\"og:image:type\" content=\"image\/jpeg\" \/>\n<meta name=\"twitter:card\" content=\"summary_large_image\" \/>\n<meta name=\"twitter:label1\" content=\"Tempo di lettura stimato\" \/>\n\t<meta name=\"twitter:data1\" content=\"6 minuti\" \/>\n<script type=\"application\/ld+json\" class=\"yoast-schema-graph\">{\"@context\":\"https:\\\/\\\/schema.org\",\"@graph\":[{\"@type\":\"WebPage\",\"@id\":\"https:\\\/\\\/www.vittoriagiachi.com\\\/it\\\/about\\\/\",\"url\":\"https:\\\/\\\/www.vittoriagiachi.com\\\/it\\\/about\\\/\",\"name\":\"About me - Vittoria Caterina Giachi\",\"isPartOf\":{\"@id\":\"https:\\\/\\\/www.vittoriagiachi.com\\\/it\\\/#website\"},\"primaryImageOfPage\":{\"@id\":\"https:\\\/\\\/www.vittoriagiachi.com\\\/it\\\/about\\\/#primaryimage\"},\"image\":{\"@id\":\"https:\\\/\\\/www.vittoriagiachi.com\\\/it\\\/about\\\/#primaryimage\"},\"thumbnailUrl\":\"https:\\\/\\\/www.vittoriagiachi.com\\\/wp-content\\\/uploads\\\/2021\\\/05\\\/about-me-vittoria-giachi.jpg\",\"datePublished\":\"2021-05-11T13:59:40+00:00\",\"dateModified\":\"2021-05-27T11:11:54+00:00\",\"description\":\"Cari lettori, ciao! Mi chiamo Vittoria Caterina Giachi e sono una semplice ragazza toscana che ha mille sogni nel cassetto.\",\"breadcrumb\":{\"@id\":\"https:\\\/\\\/www.vittoriagiachi.com\\\/it\\\/about\\\/#breadcrumb\"},\"inLanguage\":\"it-IT\",\"potentialAction\":[{\"@type\":\"ReadAction\",\"target\":[\"https:\\\/\\\/www.vittoriagiachi.com\\\/it\\\/about\\\/\"]}]},{\"@type\":\"ImageObject\",\"inLanguage\":\"it-IT\",\"@id\":\"https:\\\/\\\/www.vittoriagiachi.com\\\/it\\\/about\\\/#primaryimage\",\"url\":\"https:\\\/\\\/www.vittoriagiachi.com\\\/wp-content\\\/uploads\\\/2021\\\/05\\\/about-me-vittoria-giachi.jpg\",\"contentUrl\":\"https:\\\/\\\/www.vittoriagiachi.com\\\/wp-content\\\/uploads\\\/2021\\\/05\\\/about-me-vittoria-giachi.jpg\",\"width\":800,\"height\":1200,\"caption\":\"about\"},{\"@type\":\"BreadcrumbList\",\"@id\":\"https:\\\/\\\/www.vittoriagiachi.com\\\/it\\\/about\\\/#breadcrumb\",\"itemListElement\":[{\"@type\":\"ListItem\",\"position\":1,\"name\":\"Home\",\"item\":\"https:\\\/\\\/www.vittoriagiachi.com\\\/it\\\/home\\\/\"},{\"@type\":\"ListItem\",\"position\":2,\"name\":\"About\"}]},{\"@type\":\"WebSite\",\"@id\":\"https:\\\/\\\/www.vittoriagiachi.com\\\/it\\\/#website\",\"url\":\"https:\\\/\\\/www.vittoriagiachi.com\\\/it\\\/\",\"name\":\"Vittoria Caterina Giachi\",\"description\":\"Italian food blogger | Italian lifestyle stories\",\"publisher\":{\"@id\":\"https:\\\/\\\/www.vittoriagiachi.com\\\/it\\\/#organization\"},\"potentialAction\":[{\"@type\":\"SearchAction\",\"target\":{\"@type\":\"EntryPoint\",\"urlTemplate\":\"https:\\\/\\\/www.vittoriagiachi.com\\\/it\\\/?s={search_term_string}\"},\"query-input\":{\"@type\":\"PropertyValueSpecification\",\"valueRequired\":true,\"valueName\":\"search_term_string\"}}],\"inLanguage\":\"it-IT\"},{\"@type\":\"Organization\",\"@id\":\"https:\\\/\\\/www.vittoriagiachi.com\\\/it\\\/#organization\",\"name\":\"Vittoria Giachi Chef Torciano Academy\",\"url\":\"https:\\\/\\\/www.vittoriagiachi.com\\\/it\\\/\",\"logo\":{\"@type\":\"ImageObject\",\"inLanguage\":\"it-IT\",\"@id\":\"https:\\\/\\\/www.vittoriagiachi.com\\\/it\\\/#\\\/schema\\\/logo\\\/image\\\/\",\"url\":\"https:\\\/\\\/www.vittoriagiachi.com\\\/wp-content\\\/uploads\\\/2021\\\/04\\\/vittoria_logo.png\",\"contentUrl\":\"https:\\\/\\\/www.vittoriagiachi.com\\\/wp-content\\\/uploads\\\/2021\\\/04\\\/vittoria_logo.png\",\"width\":100,\"height\":100,\"caption\":\"Vittoria Giachi Chef Torciano Academy\"},\"image\":{\"@id\":\"https:\\\/\\\/www.vittoriagiachi.com\\\/it\\\/#\\\/schema\\\/logo\\\/image\\\/\"},\"sameAs\":[\"https:\\\/\\\/www.instagram.com\\\/vittoriacaterinagiachi\\\/\"]}]}<\/script>\n<!-- \/ Yoast SEO plugin. -->","yoast_head_json":{"title":"About me - Vittoria Caterina Giachi","description":"Cari lettori, ciao! Mi chiamo Vittoria Caterina Giachi e sono una semplice ragazza toscana che ha mille sogni nel cassetto.","robots":{"index":"index","follow":"follow","max-snippet":"max-snippet:-1","max-image-preview":"max-image-preview:large","max-video-preview":"max-video-preview:-1"},"canonical":"https:\/\/www.vittoriagiachi.com\/it\/about\/","og_locale":"it_IT","og_type":"article","og_title":"About me - Vittoria Caterina Giachi","og_description":"Cari lettori, ciao! Mi chiamo Vittoria Caterina Giachi e sono una semplice ragazza toscana che ha mille sogni nel cassetto.","og_url":"https:\/\/www.vittoriagiachi.com\/it\/about\/","og_site_name":"Vittoria Caterina Giachi","article_modified_time":"2021-05-27T11:11:54+00:00","og_image":[{"width":800,"height":1200,"url":"https:\/\/www.vittoriagiachi.com\/wp-content\/uploads\/2021\/05\/about-me-vittoria-giachi.jpg","type":"image\/jpeg"}],"twitter_card":"summary_large_image","twitter_misc":{"Tempo di lettura stimato":"6 minuti"},"schema":{"@context":"https:\/\/schema.org","@graph":[{"@type":"WebPage","@id":"https:\/\/www.vittoriagiachi.com\/it\/about\/","url":"https:\/\/www.vittoriagiachi.com\/it\/about\/","name":"About me - Vittoria Caterina Giachi","isPartOf":{"@id":"https:\/\/www.vittoriagiachi.com\/it\/#website"},"primaryImageOfPage":{"@id":"https:\/\/www.vittoriagiachi.com\/it\/about\/#primaryimage"},"image":{"@id":"https:\/\/www.vittoriagiachi.com\/it\/about\/#primaryimage"},"thumbnailUrl":"https:\/\/www.vittoriagiachi.com\/wp-content\/uploads\/2021\/05\/about-me-vittoria-giachi.jpg","datePublished":"2021-05-11T13:59:40+00:00","dateModified":"2021-05-27T11:11:54+00:00","description":"Cari lettori, ciao! Mi chiamo Vittoria Caterina Giachi e sono una semplice ragazza toscana che ha mille sogni nel cassetto.","breadcrumb":{"@id":"https:\/\/www.vittoriagiachi.com\/it\/about\/#breadcrumb"},"inLanguage":"it-IT","potentialAction":[{"@type":"ReadAction","target":["https:\/\/www.vittoriagiachi.com\/it\/about\/"]}]},{"@type":"ImageObject","inLanguage":"it-IT","@id":"https:\/\/www.vittoriagiachi.com\/it\/about\/#primaryimage","url":"https:\/\/www.vittoriagiachi.com\/wp-content\/uploads\/2021\/05\/about-me-vittoria-giachi.jpg","contentUrl":"https:\/\/www.vittoriagiachi.com\/wp-content\/uploads\/2021\/05\/about-me-vittoria-giachi.jpg","width":800,"height":1200,"caption":"about"},{"@type":"BreadcrumbList","@id":"https:\/\/www.vittoriagiachi.com\/it\/about\/#breadcrumb","itemListElement":[{"@type":"ListItem","position":1,"name":"Home","item":"https:\/\/www.vittoriagiachi.com\/it\/home\/"},{"@type":"ListItem","position":2,"name":"About"}]},{"@type":"WebSite","@id":"https:\/\/www.vittoriagiachi.com\/it\/#website","url":"https:\/\/www.vittoriagiachi.com\/it\/","name":"Vittoria Caterina Giachi","description":"Italian food blogger | Italian lifestyle stories","publisher":{"@id":"https:\/\/www.vittoriagiachi.com\/it\/#organization"},"potentialAction":[{"@type":"SearchAction","target":{"@type":"EntryPoint","urlTemplate":"https:\/\/www.vittoriagiachi.com\/it\/?s={search_term_string}"},"query-input":{"@type":"PropertyValueSpecification","valueRequired":true,"valueName":"search_term_string"}}],"inLanguage":"it-IT"},{"@type":"Organization","@id":"https:\/\/www.vittoriagiachi.com\/it\/#organization","name":"Vittoria Giachi Chef Torciano Academy","url":"https:\/\/www.vittoriagiachi.com\/it\/","logo":{"@type":"ImageObject","inLanguage":"it-IT","@id":"https:\/\/www.vittoriagiachi.com\/it\/#\/schema\/logo\/image\/","url":"https:\/\/www.vittoriagiachi.com\/wp-content\/uploads\/2021\/04\/vittoria_logo.png","contentUrl":"https:\/\/www.vittoriagiachi.com\/wp-content\/uploads\/2021\/04\/vittoria_logo.png","width":100,"height":100,"caption":"Vittoria Giachi Chef Torciano Academy"},"image":{"@id":"https:\/\/www.vittoriagiachi.com\/it\/#\/schema\/logo\/image\/"},"sameAs":["https:\/\/www.instagram.com\/vittoriacaterinagiachi\/"]}]}},"_links":{"self":[{"href":"https:\/\/www.vittoriagiachi.com\/it\/wp-json\/wp\/v2\/pages\/902","targetHints":{"allow":["GET"]}}],"collection":[{"href":"https:\/\/www.vittoriagiachi.com\/it\/wp-json\/wp\/v2\/pages"}],"about":[{"href":"https:\/\/www.vittoriagiachi.com\/it\/wp-json\/wp\/v2\/types\/page"}],"author":[{"embeddable":true,"href":"https:\/\/www.vittoriagiachi.com\/it\/wp-json\/wp\/v2\/users\/1"}],"replies":[{"embeddable":true,"href":"https:\/\/www.vittoriagiachi.com\/it\/wp-json\/wp\/v2\/comments?post=902"}],"version-history":[{"count":0,"href":"https:\/\/www.vittoriagiachi.com\/it\/wp-json\/wp\/v2\/pages\/902\/revisions"}],"wp:featuredmedia":[{"embeddable":true,"href":"https:\/\/www.vittoriagiachi.com\/it\/wp-json\/wp\/v2\/media\/920"}],"wp:attachment":[{"href":"https:\/\/www.vittoriagiachi.com\/it\/wp-json\/wp\/v2\/media?parent=902"}],"curies":[{"name":"wp","href":"https:\/\/api.w.org\/{rel}","templated":true}]}}